{"id":664,"date":"2018-03-18T13:47:01","date_gmt":"2018-03-18T13:47:01","guid":{"rendered":"http:\/\/new.solovariz.es\/?page_id=664"},"modified":"2024-05-14T09:15:21","modified_gmt":"2024-05-14T09:15:21","slug":"nuestras-clinicas","status":"publish","type":"page","link":"https:\/\/solovariz.es\/es\/nuestras-clinicas\/","title":{"rendered":"Nuestras Cl\u00ednicas"},"content":{"rendered":"\t\t<div data-elementor-type=\"wp-post\" data-elementor-id=\"664\" class=\"elementor elementor-664\" data-elementor-post-type=\"page\">\n\t\t\t\t\t\t<section class=\"elementor-section elementor-top-section elementor-element elementor-element-6ac66c1b elementor-section-boxed elementor-section-height-default elementor-section-height-default\" data-id=\"6ac66c1b\" data-element_type=\"section\" data-e-type=\"section\" data-settings=\"{&quot;background_background&quot;:&quot;classic&quot;}\">\n\t\t\t\t\t\t\t<div class=\"elementor-background-overlay\"><\/div>\n\t\t\t\t\t\t\t<div class=\"elementor-container elementor-column-gap-default\">\n\t\t\t\t\t<div class=\"elementor-column elementor-col-100 elementor-top-column elementor-element elementor-element-6d03907b\" data-id=\"6d03907b\" data-element_type=\"column\" data-e-type=\"column\">\n\t\t\t<div class=\"elementor-widget-wrap elementor-element-populated\">\n\t\t\t\t\t\t<div class=\"elementor-element elementor-element-7dc4f329 elementor-widget elementor-widget-text-editor\" data-id=\"7dc4f329\" data-element_type=\"widget\" data-e-type=\"widget\" data-widget_type=\"text-editor.default\">\n\t\t\t\t<div class=\"elementor-widget-container\">\n\t\t\t\t\t\t\t\t\t<div style=\"position: absolute; right: 20px; top: 20px; width: 18%;\"><\/div>\n<h1 style=\"color: #fff; padding-bottom: 0; margin-bottom: 5px; font-size: 2.2em; text-align: right; margin-right: 15%;\"><strong>Nuestras cl\u00ednicas<\/strong><\/h1>\t\t\t\t\t\t\t\t<\/div>\n\t\t\t\t<\/div>\n\t\t\t\t\t<\/div>\n\t\t<\/div>\n\t\t\t\t\t<\/div>\n\t\t<\/section>\n\t\t\t\t<section class=\"elementor-section elementor-top-section elementor-element elementor-element-1d5bce4 elementor-section-boxed elementor-section-height-default elementor-section-height-default\" data-id=\"1d5bce4\" data-element_type=\"section\" data-e-type=\"section\" data-settings=\"{&quot;background_background&quot;:&quot;classic&quot;}\">\n\t\t\t\t\t\t<div class=\"elementor-container elementor-column-gap-default\">\n\t\t\t\t\t<div class=\"elementor-column elementor-col-100 elementor-top-column elementor-element elementor-element-3be0b279\" data-id=\"3be0b279\" data-element_type=\"column\" data-e-type=\"column\">\n\t\t\t<div class=\"elementor-widget-wrap elementor-element-populated\">\n\t\t\t\t\t\t<div class=\"elementor-element elementor-element-61eb584f elementor-widget elementor-widget-text-editor\" data-id=\"61eb584f\" data-element_type=\"widget\" data-e-type=\"widget\" data-widget_type=\"text-editor.default\">\n\t\t\t\t<div class=\"elementor-widget-container\">\n\t\t\t\t\t\t\t\t\t<h3 style=\"font-size: 2em; margin-bottom: 0.2em;\"><strong>MUY CERCA DE TI<\/strong><\/h3><p style=\"margin: 0.5em 0 0 0; padding: 0;\">SOLOVARIZ son cl\u00ednicas especializadas en eliminar tus varices con microespuma. Sin necesidad de cirug\u00eda.<\/p><p style=\"margin: 0.5em 0 0 0; padding: 0;\">Cl\u00ednicas en Madrid\u00a0 y Valladolid.<\/p><p>\u00a0<\/p><p>Centro de estudios Flebol\u00f3gicos y Solovariz han decidido unir su experiencia para estar a\u00fan m\u00e1s cerca de ti. El Doctor Juan Jos\u00e9 Mengual, Director M\u00e9dico de Solovariz, pionero y especialista en eliminaci\u00f3n de todo tipo de varices mediante microespuma desde ahora tambi\u00e9n pasar\u00e1 consulta e intervendr\u00e1 a sus pacientes en Madrid, en la calle Alberto Aguilera 22, en Valladolid en la calle San Ignacio 9 y en Getafe en la Avenida Juan de la Cierva 27, en las instalaciones de Centro de Estudios Flebol\u00f3gicos, cl\u00ednicas que desde hace m\u00e1s de 25 a\u00f1os ha solucionado sin cirug\u00eda los problemas de varices a m\u00e1s de 15.000 pacientes.<\/p>\t\t\t\t\t\t\t\t<\/div>\n\t\t\t\t<\/div>\n\t\t\t\t\t<\/div>\n\t\t<\/div>\n\t\t\t\t\t<\/div>\n\t\t<\/section>\n\t\t\t\t<section class=\"elementor-section elementor-top-section elementor-element elementor-element-cfa9680 elementor-section-boxed elementor-section-height-default elementor-section-height-default\" data-id=\"cfa9680\" data-element_type=\"section\" data-e-type=\"section\">\n\t\t\t\t\t\t<div class=\"elementor-container elementor-column-gap-default\">\n\t\t\t\t\t<div class=\"elementor-column elementor-col-100 elementor-top-column elementor-element elementor-element-2844217\" data-id=\"2844217\" data-element_type=\"column\" data-e-type=\"column\">\n\t\t\t<div class=\"elementor-widget-wrap elementor-element-populated\">\n\t\t\t\t\t\t<div class=\"elementor-element elementor-element-33616f1 elementor-widget elementor-widget-accordion\" data-id=\"33616f1\" data-element_type=\"widget\" data-e-type=\"widget\" data-widget_type=\"accordion.default\">\n\t\t\t\t<div class=\"elementor-widget-container\">\n\t\t\t\t\t\t\t<div class=\"elementor-accordion\">\n\t\t\t\t\t\t\t<div class=\"elementor-accordion-item\">\n\t\t\t\t\t<div id=\"elementor-tab-title-5381\" class=\"elementor-tab-title\" data-tab=\"1\" role=\"button\" aria-controls=\"elementor-tab-content-5381\" aria-expanded=\"false\">\n\t\t\t\t\t\t\t\t\t\t\t\t\t<span class=\"elementor-accordion-icon elementor-accordion-icon-left\" aria-hidden=\"true\">\n\t\t\t\t\t\t\t\t\t\t\t\t\t\t\t<span class=\"elementor-accordion-icon-closed\"><i class=\"fas fa-plus\"><\/i><\/span>\n\t\t\t\t\t\t\t\t<span class=\"elementor-accordion-icon-opened\"><i class=\"fas fa-minus\"><\/i><\/span>\n\t\t\t\t\t\t\t\t\t\t\t\t\t\t<\/span>\n\t\t\t\t\t\t\t\t\t\t\t\t<a class=\"elementor-accordion-title\" tabindex=\"0\">GETAFE<\/a>\n\t\t\t\t\t<\/div>\n\t\t\t\t\t<div id=\"elementor-tab-content-5381\" class=\"elementor-tab-content elementor-clearfix\" data-tab=\"1\" role=\"region\" aria-labelledby=\"elementor-tab-title-5381\"><div style=\"display: flex;\"><article style=\"width: 28%;\"><img decoding=\"async\" style=\"width: 100%; max-width: 100px;\" src=\"http:\/\/solovariz.es\/logotipo.svg\" alt=\"Solovariz\" \/><\/article><article style=\"width: 70%; margin-left: 2%;\"><strong>SOLOVARIZ GETAFE<\/strong><br \/>Av. de Juan de la Cierva, 27<br \/>28901 Getafe-Madrid<br \/>Tel <a href=\"tel:916819190\">91 681 91 90<\/a><\/article><\/div><div><iframe style=\"border: 0;\" src=\"https:\/\/www.google.com\/maps\/embed?pb=!1m14!1m8!1m3!1d6085.071852233092!2d-3.725382!3d40.308262!3m2!1i1024!2i768!4f13.1!3m3!1m2!1s0x0%3A0x48766124f1c6d7e7!2sSolovariz!5e0!3m2!1ses!2sus!4v1521381514709\" width=\"100%\" height=\"300\" frameborder=\"0\" allowfullscreen=\"allowfullscreen\"><\/iframe><\/div><p style=\"margin: 0; text-align: center;\"><a style=\"display: block; texto-align: center !important;\" href=\"https:\/\/solovariz.es\/es\/#contacto\">PEDIR CITA<\/a><\/p><\/div>\n\t\t\t\t<\/div>\n\t\t\t\t\t\t\t<div class=\"elementor-accordion-item\">\n\t\t\t\t\t<div id=\"elementor-tab-title-5382\" class=\"elementor-tab-title\" data-tab=\"2\" role=\"button\" aria-controls=\"elementor-tab-content-5382\" aria-expanded=\"false\">\n\t\t\t\t\t\t\t\t\t\t\t\t\t<span class=\"elementor-accordion-icon elementor-accordion-icon-left\" aria-hidden=\"true\">\n\t\t\t\t\t\t\t\t\t\t\t\t\t\t\t<span class=\"elementor-accordion-icon-closed\"><i class=\"fas fa-plus\"><\/i><\/span>\n\t\t\t\t\t\t\t\t<span class=\"elementor-accordion-icon-opened\"><i class=\"fas fa-minus\"><\/i><\/span>\n\t\t\t\t\t\t\t\t\t\t\t\t\t\t<\/span>\n\t\t\t\t\t\t\t\t\t\t\t\t<a class=\"elementor-accordion-title\" tabindex=\"0\">MADRID<\/a>\n\t\t\t\t\t<\/div>\n\t\t\t\t\t<div id=\"elementor-tab-content-5382\" class=\"elementor-tab-content elementor-clearfix\" data-tab=\"2\" role=\"region\" aria-labelledby=\"elementor-tab-title-5382\"><div style=\"display: flex;\"><article style=\"width: 28%;\"><img decoding=\"async\" style=\"width: 100%; max-width: 100px;\" src=\"http:\/\/solovariz.es\/logotipo.svg\" alt=\"Solovariz\" \/><\/article><article style=\"width: 70%; margin-left: 2%;\"><strong>SOLOVARIZ MADRID<\/strong><br>\nAlberto Aguilera 22<br>\n28015 Madrid<br>\nTel <a href=\"tel:914445366\">91444 53 66<\/a><\/article><\/div>\n<div><iframe src=\"https:\/\/www.google.com\/maps\/embed?pb=!1m18!1m12!1m3!1d3037.0380948549146!2d-3.712350823469103!3d40.430155354821466!2m3!1f0!2f0!3f0!3m2!1i1024!2i768!4f13.1!3m3!1m2!1s0xd422866e49dcfd9%3A0x881be903b03ec29!2sC.%20de%20Alberto%20Aguilera%2C%2022%2C%20Chamber%C3%AD%2C%2028015%20Madrid!5e0!3m2!1ses!2ses!4v1715677339331!5m2!1ses!2ses\" width=\"600\" height=\"450\" style=\"border:0;\" allowfullscreen=\"\" loading=\"lazy\" referrerpolicy=\"no-referrer-when-downgrade\"><\/iframe><\/div>\n<p style=\"margin: 0; text-align: center;\"><a style=\"display: block; texto-align: center !important;\" href=\"https:\/\/solovariz.es\/es\/#contacto\">PEDIR CITA<\/a><\/p><\/div>\n\t\t\t\t<\/div>\n\t\t\t\t\t\t\t<div class=\"elementor-accordion-item\">\n\t\t\t\t\t<div id=\"elementor-tab-title-5383\" class=\"elementor-tab-title\" data-tab=\"3\" role=\"button\" aria-controls=\"elementor-tab-content-5383\" aria-expanded=\"false\">\n\t\t\t\t\t\t\t\t\t\t\t\t\t<span class=\"elementor-accordion-icon elementor-accordion-icon-left\" aria-hidden=\"true\">\n\t\t\t\t\t\t\t\t\t\t\t\t\t\t\t<span class=\"elementor-accordion-icon-closed\"><i class=\"fas fa-plus\"><\/i><\/span>\n\t\t\t\t\t\t\t\t<span class=\"elementor-accordion-icon-opened\"><i class=\"fas fa-minus\"><\/i><\/span>\n\t\t\t\t\t\t\t\t\t\t\t\t\t\t<\/span>\n\t\t\t\t\t\t\t\t\t\t\t\t<a class=\"elementor-accordion-title\" tabindex=\"0\">VALLADOLID<\/a>\n\t\t\t\t\t<\/div>\n\t\t\t\t\t<div id=\"elementor-tab-content-5383\" class=\"elementor-tab-content elementor-clearfix\" data-tab=\"3\" role=\"region\" aria-labelledby=\"elementor-tab-title-5383\"><div style=\"display: flex;\"><article style=\"width: 28%;\"><img decoding=\"async\" style=\"width: 100%; max-width: 100px;\" src=\"http:\/\/solovariz.es\/logotipo.svg\" alt=\"Solovariz\" \/><\/article><article style=\"width: 70%; margin-left: 2%;\"><strong>SOLOVARIZ VALLADOLID<\/strong><br \/>Calle San Ignacio, 9<br \/>47003 Valladolid<br \/>Tel <a href=\"tel:983380916\">98 338 0916<\/a><\/article><\/div><div><iframe style=\"border: 0;\" src=\"https:\/\/www.google.com\/maps\/embed?pb=!1m18!1m12!1m3!1d2981.005555043852!2d-4.731192634619986!3d41.65562198728643!2m3!1f0!2f0!3f0!3m2!1i1024!2i768!4f13.1!3m3!1m2!1s0xd476d52c2d4299d%3A0xca42f0664bcbe906!2sCentro+De+Estudios+Flebologicos!5e0!3m2!1ses!2ses!4v1527060131763\" width=\"100%\" height=\"300\" frameborder=\"0\" allowfullscreen=\"allowfullscreen\"><\/iframe><\/div><p style=\"margin: 0; text-align: center;\"><a style=\"display: block; texto-align: center !important;\" href=\"https:\/\/solovariz.es\/es\/#contacto\">PEDIR CITA<\/a><\/p><\/div>\n\t\t\t\t<\/div>\n\t\t\t\t\t\t\t\t<\/div>\n\t\t\t\t\t\t<\/div>\n\t\t\t\t<\/div>\n\t\t\t\t\t<\/div>\n\t\t<\/div>\n\t\t\t\t\t<\/div>\n\t\t<\/section>\n\t\t\t\t<\/div>\n\t\t","protected":false},"excerpt":{"rendered":"<p>Nuestras cl\u00ednicas MUY CERCA DE TI SOLOVARIZ son cl\u00ednicas especializadas en eliminar tus varices con microespuma. Sin necesidad de cirug\u00eda. Cl\u00ednicas en Madrid\u00a0 y Valladolid. \u00a0 Centro de estudios Flebol\u00f3gicos y Solovariz han decidido unir su experiencia para estar a\u00fan m\u00e1s cerca de ti. El Doctor Juan Jos\u00e9 Mengual, Director M\u00e9dico de Solovariz, pionero y [&hellip;]<\/p>\n","protected":false},"author":1,"featured_media":0,"parent":0,"menu_order":0,"comment_status":"closed","ping_status":"closed","template":"","meta":{"_joinchat":[],"footnotes":""},"class_list":["post-664","page","type-page","status-publish","hentry"],"yoast_head":"<!-- This site is optimized with the Yoast SEO plugin v27.3 - https:\/\/yoast.com\/product\/yoast-seo-wordpress\/ -->\n<title>Nuestras Cl\u00ednicas | Solovariz - Cl\u00ednicas especializadas en eliminar todo tipo de varices<\/title>\n<meta name=\"robots\" content=\"index, follow, max-snippet:-1, max-image-preview:large, max-video-preview:-1\" \/>\n<link rel=\"canonical\" href=\"https:\/\/solovariz.es\/es\/nuestras-clinicas\/\" \/>\n<meta property=\"og:locale\" content=\"es_ES\" \/>\n<meta property=\"og:type\" content=\"article\" \/>\n<meta property=\"og:title\" content=\"Nuestras Cl\u00ednicas | Solovariz - Cl\u00ednicas especializadas en eliminar todo tipo de varices\" \/>\n<meta property=\"og:description\" content=\"Nuestras cl\u00ednicas MUY CERCA DE TI SOLOVARIZ son cl\u00ednicas especializadas en eliminar tus varices con microespuma. Sin necesidad de cirug\u00eda. Cl\u00ednicas en Madrid\u00a0 y Valladolid. \u00a0 Centro de estudios Flebol\u00f3gicos y Solovariz han decidido unir su experiencia para estar a\u00fan m\u00e1s cerca de ti. El Doctor Juan Jos\u00e9 Mengual, Director M\u00e9dico de Solovariz, pionero y [&hellip;]\" \/>\n<meta property=\"og:url\" content=\"https:\/\/solovariz.es\/es\/nuestras-clinicas\/\" \/>\n<meta property=\"og:site_name\" content=\"Solovariz - Cl\u00ednicas especializadas en eliminar todo tipo de varices\" \/>\n<meta property=\"article:publisher\" content=\"https:\/\/www.facebook.com\/Solovariz\" \/>\n<meta property=\"article:modified_time\" content=\"2024-05-14T09:15:21+00:00\" \/>\n<meta property=\"og:image\" content=\"http:\/\/solovariz.es\/logotipo.svg\" \/>\n<meta name=\"twitter:card\" content=\"summary_large_image\" \/>\n<meta name=\"twitter:site\" content=\"@solovariz\" \/>\n<meta name=\"twitter:label1\" content=\"Tiempo de lectura\" \/>\n\t<meta name=\"twitter:data1\" content=\"2 minutos\" \/>\n<script type=\"application\/ld+json\" class=\"yoast-schema-graph\">{\"@context\":\"https:\\\/\\\/schema.org\",\"@graph\":[{\"@type\":\"WebPage\",\"@id\":\"https:\\\/\\\/solovariz.es\\\/nuestras-clinicas\\\/\",\"url\":\"https:\\\/\\\/solovariz.es\\\/nuestras-clinicas\\\/\",\"name\":\"Nuestras Cl\u00ednicas | Solovariz - Cl\u00ednicas especializadas en eliminar todo tipo de varices\",\"isPartOf\":{\"@id\":\"https:\\\/\\\/solovariz.es\\\/es\\\/#website\"},\"primaryImageOfPage\":{\"@id\":\"https:\\\/\\\/solovariz.es\\\/nuestras-clinicas\\\/#primaryimage\"},\"image\":{\"@id\":\"https:\\\/\\\/solovariz.es\\\/nuestras-clinicas\\\/#primaryimage\"},\"thumbnailUrl\":\"http:\\\/\\\/solovariz.es\\\/logotipo.svg\",\"datePublished\":\"2018-03-18T13:47:01+00:00\",\"dateModified\":\"2024-05-14T09:15:21+00:00\",\"breadcrumb\":{\"@id\":\"https:\\\/\\\/solovariz.es\\\/nuestras-clinicas\\\/#breadcrumb\"},\"inLanguage\":\"es\",\"potentialAction\":[{\"@type\":\"ReadAction\",\"target\":[\"https:\\\/\\\/solovariz.es\\\/nuestras-clinicas\\\/\"]}]},{\"@type\":\"ImageObject\",\"inLanguage\":\"es\",\"@id\":\"https:\\\/\\\/solovariz.es\\\/nuestras-clinicas\\\/#primaryimage\",\"url\":\"http:\\\/\\\/solovariz.es\\\/logotipo.svg\",\"contentUrl\":\"http:\\\/\\\/solovariz.es\\\/logotipo.svg\"},{\"@type\":\"BreadcrumbList\",\"@id\":\"https:\\\/\\\/solovariz.es\\\/nuestras-clinicas\\\/#breadcrumb\",\"itemListElement\":[{\"@type\":\"ListItem\",\"position\":1,\"name\":\"Portada\",\"item\":\"https:\\\/\\\/solovariz.es\\\/\"},{\"@type\":\"ListItem\",\"position\":2,\"name\":\"Nuestras Cl\u00ednicas\"}]},{\"@type\":\"WebSite\",\"@id\":\"https:\\\/\\\/solovariz.es\\\/es\\\/#website\",\"url\":\"https:\\\/\\\/solovariz.es\\\/es\\\/\",\"name\":\"Solovariz - Cl\u00ednicas especializadas en eliminar todo tipo de varices\",\"description\":\"M\u00c9DICOS COMPROMETIDOS CON SUS VARICES\",\"publisher\":{\"@id\":\"https:\\\/\\\/solovariz.es\\\/es\\\/#organization\"},\"potentialAction\":[{\"@type\":\"SearchAction\",\"target\":{\"@type\":\"EntryPoint\",\"urlTemplate\":\"https:\\\/\\\/solovariz.es\\\/es\\\/?s={search_term_string}\"},\"query-input\":{\"@type\":\"PropertyValueSpecification\",\"valueRequired\":true,\"valueName\":\"search_term_string\"}}],\"inLanguage\":\"es\"},{\"@type\":\"Organization\",\"@id\":\"https:\\\/\\\/solovariz.es\\\/es\\\/#organization\",\"name\":\"Solovariz\",\"url\":\"https:\\\/\\\/solovariz.es\\\/es\\\/\",\"logo\":{\"@type\":\"ImageObject\",\"inLanguage\":\"es\",\"@id\":\"https:\\\/\\\/solovariz.es\\\/es\\\/#\\\/schema\\\/logo\\\/image\\\/\",\"url\":\"https:\\\/\\\/solovariz.es\\\/wp-content\\\/uploads\\\/2018\\\/02\\\/logotipo_1.png\",\"contentUrl\":\"https:\\\/\\\/solovariz.es\\\/wp-content\\\/uploads\\\/2018\\\/02\\\/logotipo_1.png\",\"width\":260,\"height\":354,\"caption\":\"Solovariz\"},\"image\":{\"@id\":\"https:\\\/\\\/solovariz.es\\\/es\\\/#\\\/schema\\\/logo\\\/image\\\/\"},\"sameAs\":[\"https:\\\/\\\/www.facebook.com\\\/Solovariz\",\"https:\\\/\\\/x.com\\\/solovariz\",\"https:\\\/\\\/www.youtube.com\\\/channel\\\/UCgGfDCyXBZr6Ln8Tv4mFxbA\"]}]}<\/script>\n<!-- \/ Yoast SEO plugin. -->","yoast_head_json":{"title":"Nuestras Cl\u00ednicas | Solovariz - Cl\u00ednicas especializadas en eliminar todo tipo de varices","robots":{"index":"index","follow":"follow","max-snippet":"max-snippet:-1","max-image-preview":"max-image-preview:large","max-video-preview":"max-video-preview:-1"},"canonical":"https:\/\/solovariz.es\/es\/nuestras-clinicas\/","og_locale":"es_ES","og_type":"article","og_title":"Nuestras Cl\u00ednicas | Solovariz - Cl\u00ednicas especializadas en eliminar todo tipo de varices","og_description":"Nuestras cl\u00ednicas MUY CERCA DE TI SOLOVARIZ son cl\u00ednicas especializadas en eliminar tus varices con microespuma. Sin necesidad de cirug\u00eda. Cl\u00ednicas en Madrid\u00a0 y Valladolid. \u00a0 Centro de estudios Flebol\u00f3gicos y Solovariz han decidido unir su experiencia para estar a\u00fan m\u00e1s cerca de ti. El Doctor Juan Jos\u00e9 Mengual, Director M\u00e9dico de Solovariz, pionero y [&hellip;]","og_url":"https:\/\/solovariz.es\/es\/nuestras-clinicas\/","og_site_name":"Solovariz - Cl\u00ednicas especializadas en eliminar todo tipo de varices","article_publisher":"https:\/\/www.facebook.com\/Solovariz","article_modified_time":"2024-05-14T09:15:21+00:00","og_image":[{"url":"http:\/\/solovariz.es\/logotipo.svg","type":"","width":"","height":""}],"twitter_card":"summary_large_image","twitter_site":"@solovariz","twitter_misc":{"Tiempo de lectura":"2 minutos"},"schema":{"@context":"https:\/\/schema.org","@graph":[{"@type":"WebPage","@id":"https:\/\/solovariz.es\/nuestras-clinicas\/","url":"https:\/\/solovariz.es\/nuestras-clinicas\/","name":"Nuestras Cl\u00ednicas | Solovariz - Cl\u00ednicas especializadas en eliminar todo tipo de varices","isPartOf":{"@id":"https:\/\/solovariz.es\/es\/#website"},"primaryImageOfPage":{"@id":"https:\/\/solovariz.es\/nuestras-clinicas\/#primaryimage"},"image":{"@id":"https:\/\/solovariz.es\/nuestras-clinicas\/#primaryimage"},"thumbnailUrl":"http:\/\/solovariz.es\/logotipo.svg","datePublished":"2018-03-18T13:47:01+00:00","dateModified":"2024-05-14T09:15:21+00:00","breadcrumb":{"@id":"https:\/\/solovariz.es\/nuestras-clinicas\/#breadcrumb"},"inLanguage":"es","potentialAction":[{"@type":"ReadAction","target":["https:\/\/solovariz.es\/nuestras-clinicas\/"]}]},{"@type":"ImageObject","inLanguage":"es","@id":"https:\/\/solovariz.es\/nuestras-clinicas\/#primaryimage","url":"http:\/\/solovariz.es\/logotipo.svg","contentUrl":"http:\/\/solovariz.es\/logotipo.svg"},{"@type":"BreadcrumbList","@id":"https:\/\/solovariz.es\/nuestras-clinicas\/#breadcrumb","itemListElement":[{"@type":"ListItem","position":1,"name":"Portada","item":"https:\/\/solovariz.es\/"},{"@type":"ListItem","position":2,"name":"Nuestras Cl\u00ednicas"}]},{"@type":"WebSite","@id":"https:\/\/solovariz.es\/es\/#website","url":"https:\/\/solovariz.es\/es\/","name":"Solovariz - Cl\u00ednicas especializadas en eliminar todo tipo de varices","description":"M\u00c9DICOS COMPROMETIDOS CON SUS VARICES","publisher":{"@id":"https:\/\/solovariz.es\/es\/#organization"},"potentialAction":[{"@type":"SearchAction","target":{"@type":"EntryPoint","urlTemplate":"https:\/\/solovariz.es\/es\/?s={search_term_string}"},"query-input":{"@type":"PropertyValueSpecification","valueRequired":true,"valueName":"search_term_string"}}],"inLanguage":"es"},{"@type":"Organization","@id":"https:\/\/solovariz.es\/es\/#organization","name":"Solovariz","url":"https:\/\/solovariz.es\/es\/","logo":{"@type":"ImageObject","inLanguage":"es","@id":"https:\/\/solovariz.es\/es\/#\/schema\/logo\/image\/","url":"https:\/\/solovariz.es\/wp-content\/uploads\/2018\/02\/logotipo_1.png","contentUrl":"https:\/\/solovariz.es\/wp-content\/uploads\/2018\/02\/logotipo_1.png","width":260,"height":354,"caption":"Solovariz"},"image":{"@id":"https:\/\/solovariz.es\/es\/#\/schema\/logo\/image\/"},"sameAs":["https:\/\/www.facebook.com\/Solovariz","https:\/\/x.com\/solovariz","https:\/\/www.youtube.com\/channel\/UCgGfDCyXBZr6Ln8Tv4mFxbA"]}]}},"_links":{"self":[{"href":"https:\/\/solovariz.es\/es\/wp-json\/wp\/v2\/pages\/664","targetHints":{"allow":["GET"]}}],"collection":[{"href":"https:\/\/solovariz.es\/es\/wp-json\/wp\/v2\/pages"}],"about":[{"href":"https:\/\/solovariz.es\/es\/wp-json\/wp\/v2\/types\/page"}],"author":[{"embeddable":true,"href":"https:\/\/solovariz.es\/es\/wp-json\/wp\/v2\/users\/1"}],"replies":[{"embeddable":true,"href":"https:\/\/solovariz.es\/es\/wp-json\/wp\/v2\/comments?post=664"}],"version-history":[{"count":12,"href":"https:\/\/solovariz.es\/es\/wp-json\/wp\/v2\/pages\/664\/revisions"}],"predecessor-version":[{"id":2393,"href":"https:\/\/solovariz.es\/es\/wp-json\/wp\/v2\/pages\/664\/revisions\/2393"}],"wp:attachment":[{"href":"https:\/\/solovariz.es\/es\/wp-json\/wp\/v2\/media?parent=664"}],"curies":[{"name":"wp","href":"https:\/\/api.w.org\/{rel}","templated":true}]}}