{"id":543,"date":"2018-03-16T09:07:24","date_gmt":"2018-03-16T09:07:24","guid":{"rendered":"http:\/\/new.solovariz.es\/?page_id=543"},"modified":"2022-02-01T14:40:02","modified_gmt":"2022-02-01T14:40:02","slug":"metodo-3","status":"publish","type":"page","link":"https:\/\/solovariz.es\/en\/metodo-3\/","title":{"rendered":"M\u00e9todo Five"},"content":{"rendered":"<div data-elementor-type=\"wp-post\" data-elementor-id=\"543\" class=\"elementor elementor-543\" data-elementor-post-type=\"page\">\n\t\t\t\t\t\t<section class=\"elementor-section elementor-top-section elementor-element elementor-element-1829f996 elementor-section-boxed elementor-section-height-default elementor-section-height-default\" data-id=\"1829f996\" data-element_type=\"section\" data-e-type=\"section\" data-settings=\"{&quot;background_background&quot;:&quot;classic&quot;}\">\n\t\t\t\t\t\t\t<div class=\"elementor-background-overlay\"><\/div>\n\t\t\t\t\t\t\t<div class=\"elementor-container elementor-column-gap-default\">\n\t\t\t\t\t<div class=\"elementor-column elementor-col-100 elementor-top-column elementor-element elementor-element-7ed6c347\" data-id=\"7ed6c347\" data-element_type=\"column\" data-e-type=\"column\">\n\t\t\t<div class=\"elementor-widget-wrap elementor-element-populated\">\n\t\t\t\t\t\t<div class=\"elementor-element elementor-element-2bbc17f0 elementor-widget elementor-widget-text-editor\" data-id=\"2bbc17f0\" data-element_type=\"widget\" data-e-type=\"widget\" data-widget_type=\"text-editor.default\">\n\t\t\t\t<div class=\"elementor-widget-container\">\n\t\t\t\t\t\t\t\t\t<div style=\"position: absolute; right: 20px; top: 20px; width: 18%;\">\u00a0<\/div><h1 style=\"color: #007cba; padding-bottom: 0; margin-bottom: 5px; font-size: 2.2em; text-align: right; margin-right: 15%;\"><span style=\"color: #ffffff;\"><strong>FIVE Method<\/strong><\/span><\/h1>\t\t\t\t\t\t\t\t<\/div>\n\t\t\t\t<\/div>\n\t\t\t\t\t<\/div>\n\t\t<\/div>\n\t\t\t\t\t<\/div>\n\t\t<\/section>\n\t\t\t\t<section class=\"elementor-section elementor-top-section elementor-element elementor-element-6e3195fc elementor-section-boxed elementor-section-height-default elementor-section-height-default\" data-id=\"6e3195fc\" data-element_type=\"section\" data-e-type=\"section\" data-settings=\"{&quot;background_background&quot;:&quot;classic&quot;}\">\n\t\t\t\t\t\t<div class=\"elementor-container elementor-column-gap-default\">\n\t\t\t\t\t<div class=\"elementor-column elementor-col-100 elementor-top-column elementor-element elementor-element-6a1a7836\" data-id=\"6a1a7836\" data-element_type=\"column\" data-e-type=\"column\">\n\t\t\t<div class=\"elementor-widget-wrap elementor-element-populated\">\n\t\t\t\t\t\t<div class=\"elementor-element elementor-element-5163cb25 elementor-widget elementor-widget-text-editor\" data-id=\"5163cb25\" data-element_type=\"widget\" data-e-type=\"widget\" data-widget_type=\"text-editor.default\">\n\t\t\t\t<div class=\"elementor-widget-container\">\n\t\t\t\t\t\t\t\t\t<h3 style=\"font-size: 2em; margin-bottom: 0.2em;\"><strong>A new treatment<br \/> to remove definitly<br \/> the varicose veins.<\/strong><\/h3><h3 style=\"margin-bottom: 0.2em;\">M\u00e9todo FIVE, tratamiento con microespuma fibrosante<br \/> for elimination of varicose veins.<\/h3><p style=\"margin: 0.5em 0 0 0; padding: 0;\">SOLOVARIZ has been performing varicose vein removal treatments for more than 20 years, which gives us a great experience and a high degree of improvement, which undoubtedly are great comparative advantages with professionals who are beginning to apply this treatment.<\/p><p style=\"margin: 0.5em 0 0 0; padding: 0;\">With this experience and clinical rigor, we have designed a proprietary treatment protocol called FIVE (Venous Fibrosis) that is aimed at achieving the greatest satisfaction of our patients with the least discomfort. This method solves your problems with varicose veins because the foam acts by causing a closure by fibrosis of the vein. The body metabolizes the vein that has been treated with the microfoam and the varicose vein disappears forever.<\/p>\t\t\t\t\t\t\t\t<\/div>\n\t\t\t\t<\/div>\n\t\t\t\t\t<\/div>\n\t\t<\/div>\n\t\t\t\t\t<\/div>\n\t\t<\/section>\n\t\t\t\t<section class=\"elementor-section elementor-top-section elementor-element elementor-element-6f59db78 elementor-section-boxed elementor-section-height-default elementor-section-height-default\" data-id=\"6f59db78\" data-element_type=\"section\" data-e-type=\"section\">\n\t\t\t\t\t\t<div class=\"elementor-container elementor-column-gap-default\">\n\t\t\t\t\t<div class=\"elementor-column elementor-col-100 elementor-top-column elementor-element elementor-element-6795807d\" data-id=\"6795807d\" data-element_type=\"column\" data-e-type=\"column\">\n\t\t\t<div class=\"elementor-widget-wrap elementor-element-populated\">\n\t\t\t\t\t\t<div class=\"elementor-element elementor-element-2277e734 elementor-widget elementor-widget-video\" data-id=\"2277e734\" data-element_type=\"widget\" data-e-type=\"widget\" data-settings=\"{&quot;youtube_url&quot;:&quot;https:\\\/\\\/youtu.be\\\/-sdjH8nLvOo&quot;,&quot;video_type&quot;:&quot;youtube&quot;,&quot;controls&quot;:&quot;yes&quot;}\" data-widget_type=\"video.default\">\n\t\t\t\t<div class=\"elementor-widget-container\">\n\t\t\t\t\t\t\t<div class=\"elementor-wrapper elementor-open-inline\">\n\t\t\t<div class=\"elementor-video\"><\/div>\t\t<\/div>\n\t\t\t\t\t\t<\/div>\n\t\t\t\t<\/div>\n\t\t\t\t\t<\/div>\n\t\t<\/div>\n\t\t\t\t\t<\/div>\n\t\t<\/section>\n\t\t\t\t<section class=\"elementor-section elementor-top-section elementor-element elementor-element-59712d5c elementor-section-boxed elementor-section-height-default elementor-section-height-default\" data-id=\"59712d5c\" data-element_type=\"section\" data-e-type=\"section\">\n\t\t\t\t\t\t<div class=\"elementor-container elementor-column-gap-default\">\n\t\t\t\t\t<div class=\"elementor-column elementor-col-100 elementor-top-column elementor-element elementor-element-2a9df2fd\" data-id=\"2a9df2fd\" data-element_type=\"column\" data-e-type=\"column\" data-settings=\"{&quot;background_background&quot;:&quot;classic&quot;}\">\n\t\t\t<div class=\"elementor-widget-wrap elementor-element-populated\">\n\t\t\t\t\t\t<div class=\"elementor-element elementor-element-6f9d3f20 elementor-widget elementor-widget-text-editor\" data-id=\"6f9d3f20\" data-element_type=\"widget\" data-e-type=\"widget\" data-widget_type=\"text-editor.default\">\n\t\t\t\t<div class=\"elementor-widget-container\">\n\t\t\t\t\t\t\t\t\t<h3 style=\"font-size: 2em;\"><strong><span style=\"color: #007cba;\">Advantages of our treatment<\/span><\/strong><\/h3><ul style=\"margin: 20px;\"><li>Possibility of treating <strong>all kinds of varicose veins,<\/strong> from the simple <strong>spider<\/strong> vascular to severe <strong>insufficiencies,<\/strong> including the dreaded <strong>venous<\/strong> ulcers.<\/li><li>Efficacy, safety and almost <strong>no index of adverse effects<\/strong> or complications.<\/li><li><strong>Economical:<\/strong> the price of varicose vein treatment is no longer a problem.<\/li><li><strong>Better long-term prognosis than surgery.<\/strong> It can be repeated if necessary, without increasing the risks or complications.<\/li><li><strong>Without surgery and without anesthesia.<\/strong> It is not necessary to perform any type of surgical operation to eliminate varicose veins.<\/li><li><strong>Painless<\/strong> during the treatment and in the following hours. It does not require rest or sick leave, allowing to continue the usual life at all times.<\/li><\/ul>\t\t\t\t\t\t\t\t<\/div>\n\t\t\t\t<\/div>\n\t\t\t\t\t<\/div>\n\t\t<\/div>\n\t\t\t\t\t<\/div>\n\t\t<\/section>\n\t\t\t\t<section class=\"elementor-section elementor-top-section elementor-element elementor-element-59c23005 elementor-section-boxed elementor-section-height-default elementor-section-height-default\" data-id=\"59c23005\" data-element_type=\"section\" data-e-type=\"section\" data-settings=\"{&quot;background_background&quot;:&quot;classic&quot;}\">\n\t\t\t\t\t\t<div class=\"elementor-container elementor-column-gap-default\">\n\t\t\t\t\t<div class=\"elementor-column elementor-col-100 elementor-top-column elementor-element elementor-element-3c5009eb\" data-id=\"3c5009eb\" data-element_type=\"column\" data-e-type=\"column\" data-settings=\"{&quot;background_background&quot;:&quot;classic&quot;}\">\n\t\t\t<div class=\"elementor-widget-wrap elementor-element-populated\">\n\t\t\t\t\t\t<div class=\"elementor-element elementor-element-7af97654 elementor-widget elementor-widget-text-editor\" data-id=\"7af97654\" data-element_type=\"widget\" data-e-type=\"widget\" data-widget_type=\"text-editor.default\">\n\t\t\t\t<div class=\"elementor-widget-container\">\n\t\t\t\t\t\t\t\t\t<h3 style=\"font-size: 2em;\"><strong><span style=\"color: #007cba;\">First appointment and interview are free<br \/><\/span><\/strong><\/h3><p>In the first consultation, the patient will undergo a complete examination to be able to correctly analyze his case. You will be offered a diagnosis resolving all the doubts you need to clarify. Then, the doctor will detail how the application of our method will be developed to solve your case and will be provided with a budget. Afterwards, it will only be a matter of you taking an appointment to undergo the treatment and in a single session your discomfort with varicose veins is over! . So simple, easy, comfortable and effective.<br \/><a style=\"width: 100%; background: #69a6cd; border-radius: 10px; display: block; text-align: center; color: #fff; padding: 0.5em 0; margin: 1em auto; max-width: 600px;\" href=\"https:\/\/solovariz.es\/en\/#contacto\" data-wplink-url-error=\"true\">I want more information<\/a><\/p>\t\t\t\t\t\t\t\t<\/div>\n\t\t\t\t<\/div>\n\t\t\t\t\t<\/div>\n\t\t<\/div>\n\t\t\t\t\t<\/div>\n\t\t<\/section>\n\t\t\t\t<section class=\"elementor-section elementor-top-section elementor-element elementor-element-2d778de6 elementor-section-boxed elementor-section-height-default elementor-section-height-default\" data-id=\"2d778de6\" data-element_type=\"section\" data-e-type=\"section\">\n\t\t\t\t\t\t<div class=\"elementor-container elementor-column-gap-default\">\n\t\t\t\t\t<div class=\"elementor-column elementor-col-25 elementor-top-column elementor-element elementor-element-6a3c94ba\" data-id=\"6a3c94ba\" data-element_type=\"column\" data-e-type=\"column\" data-settings=\"{&quot;background_background&quot;:&quot;classic&quot;}\">\n\t\t\t<div class=\"elementor-widget-wrap elementor-element-populated\">\n\t\t\t\t\t\t<div class=\"elementor-element elementor-element-76e40baa elementor-view-framed elementor-shape-circle elementor-widget elementor-widget-icon\" data-id=\"76e40baa\" data-element_type=\"widget\" data-e-type=\"widget\" data-widget_type=\"icon.default\">\n\t\t\t\t<div class=\"elementor-widget-container\">\n\t\t\t\t\t\t\t<div class=\"elementor-icon-wrapper\">\n\t\t\t<a class=\"elementor-icon\" href=\"https:\/\/www.facebook.com\/Solovariz?sk=wall\">\n\t\t\t<i aria-hidden=\"true\" class=\"fab fa-facebook-f\"><\/i>\t\t\t<\/a>\n\t\t<\/div>\n\t\t\t\t\t\t<\/div>\n\t\t\t\t<\/div>\n\t\t\t\t\t<\/div>\n\t\t<\/div>\n\t\t\t\t<div class=\"elementor-column elementor-col-25 elementor-top-column elementor-element elementor-element-6405687d\" data-id=\"6405687d\" data-element_type=\"column\" data-e-type=\"column\" data-settings=\"{&quot;background_background&quot;:&quot;classic&quot;}\">\n\t\t\t<div class=\"elementor-widget-wrap elementor-element-populated\">\n\t\t\t\t\t\t<div class=\"elementor-element elementor-element-2d85d4a8 elementor-view-framed elementor-shape-circle elementor-widget elementor-widget-icon\" data-id=\"2d85d4a8\" data-element_type=\"widget\" data-e-type=\"widget\" data-widget_type=\"icon.default\">\n\t\t\t\t<div class=\"elementor-widget-container\">\n\t\t\t\t\t\t\t<div class=\"elementor-icon-wrapper\">\n\t\t\t<a class=\"elementor-icon\" href=\"https:\/\/twitter.com\/Solovariz\">\n\t\t\t<i aria-hidden=\"true\" class=\"fab fa-twitter\"><\/i>\t\t\t<\/a>\n\t\t<\/div>\n\t\t\t\t\t\t<\/div>\n\t\t\t\t<\/div>\n\t\t\t\t\t<\/div>\n\t\t<\/div>\n\t\t\t\t<div class=\"elementor-column elementor-col-25 elementor-top-column elementor-element elementor-element-3a50351b\" data-id=\"3a50351b\" data-element_type=\"column\" data-e-type=\"column\" data-settings=\"{&quot;background_background&quot;:&quot;classic&quot;}\">\n\t\t\t<div class=\"elementor-widget-wrap elementor-element-populated\">\n\t\t\t\t\t\t<div class=\"elementor-element elementor-element-69eb18fb elementor-view-framed elementor-shape-circle elementor-widget elementor-widget-icon\" data-id=\"69eb18fb\" data-element_type=\"widget\" data-e-type=\"widget\" data-widget_type=\"icon.default\">\n\t\t\t\t<div class=\"elementor-widget-container\">\n\t\t\t\t\t\t\t<div class=\"elementor-icon-wrapper\">\n\t\t\t<a class=\"elementor-icon\" href=\"https:\/\/es.linkedin.com\/in\/juan-jose-mengual-12073730\">\n\t\t\t\t\t\t\t<i class=\"fa fa-linkedin\" aria-hidden=\"true\"><\/i>\n\t\t\t\t\t\t<\/a>\n\t\t<\/div>\n\t\t\t\t\t\t<\/div>\n\t\t\t\t<\/div>\n\t\t\t\t\t<\/div>\n\t\t<\/div>\n\t\t\t\t<div class=\"elementor-column elementor-col-25 elementor-top-column elementor-element elementor-element-5d9d18f0\" data-id=\"5d9d18f0\" data-element_type=\"column\" data-e-type=\"column\" data-settings=\"{&quot;background_background&quot;:&quot;classic&quot;}\">\n\t\t\t<div class=\"elementor-widget-wrap elementor-element-populated\">\n\t\t\t\t\t\t<div class=\"elementor-element elementor-element-15650670 elementor-view-framed elementor-shape-circle elementor-widget elementor-widget-icon\" data-id=\"15650670\" data-element_type=\"widget\" data-e-type=\"widget\" data-widget_type=\"icon.default\">\n\t\t\t\t<div class=\"elementor-widget-container\">\n\t\t\t\t\t\t\t<div class=\"elementor-icon-wrapper\">\n\t\t\t<a class=\"elementor-icon\" href=\"https:\/\/www.youtube.com\/user\/SOLOVARIZ1\">\n\t\t\t\t\t\t\t<i class=\"fa fa-youtube\" aria-hidden=\"true\"><\/i>\n\t\t\t\t\t\t<\/a>\n\t\t<\/div>\n\t\t\t\t\t\t<\/div>\n\t\t\t\t<\/div>\n\t\t\t\t\t<\/div>\n\t\t<\/div>\n\t\t\t\t\t<\/div>\n\t\t<\/section>\n\t\t\t\t<\/div>","protected":false},"excerpt":{"rendered":"<p>\u00a0 M\u00e9todo FIVE Un tratamiento c\u00f3modo, efectivo, seguro y econ\u00f3mico para eliminar definitivamente las varices. M\u00e9todo FIVE, tratamiento con microespuma fibrosante para eliminaci\u00f3n de varices. SOLOVARIZ lleva realizando tratamientos de eliminaci\u00f3n de varices en las piernas desde hace m\u00e1s de 20 a\u00f1os, lo que nos otorga una gran experiencia y un alto grado de perfeccionamiento, [&hellip;]<\/p>\n","protected":false},"author":1,"featured_media":0,"parent":0,"menu_order":0,"comment_status":"closed","ping_status":"closed","template":"","meta":{"_joinchat":[],"footnotes":""},"class_list":["post-543","page","type-page","status-publish","hentry"],"yoast_head":"<!-- This site is optimized with the Yoast SEO plugin v27.4 - https:\/\/yoast.com\/product\/yoast-seo-wordpress\/ -->\n<title>M\u00e9todo Five | Solovariz - Cl\u00ednicas especializadas en eliminar todo tipo de varices<\/title>\n<meta name=\"robots\" content=\"index, follow, max-snippet:-1, max-image-preview:large, max-video-preview:-1\" \/>\n<link rel=\"canonical\" href=\"https:\/\/solovariz.es\/en\/metodo-3\/\" \/>\n<meta property=\"og:locale\" content=\"en_US\" \/>\n<meta property=\"og:type\" content=\"article\" \/>\n<meta property=\"og:title\" content=\"M\u00e9todo Five | Solovariz - Cl\u00ednicas especializadas en eliminar todo tipo de varices\" \/>\n<meta property=\"og:description\" content=\"\u00a0 M\u00e9todo FIVE Un tratamiento c\u00f3modo, efectivo, seguro y econ\u00f3mico para eliminar definitivamente las varices. M\u00e9todo FIVE, tratamiento con microespuma fibrosante para eliminaci\u00f3n de varices. SOLOVARIZ lleva realizando tratamientos de eliminaci\u00f3n de varices en las piernas desde hace m\u00e1s de 20 a\u00f1os, lo que nos otorga una gran experiencia y un alto grado de perfeccionamiento, [&hellip;]\" \/>\n<meta property=\"og:url\" content=\"https:\/\/solovariz.es\/en\/metodo-3\/\" \/>\n<meta property=\"og:site_name\" content=\"Solovariz - Cl\u00ednicas especializadas en eliminar todo tipo de varices\" \/>\n<meta property=\"article:publisher\" content=\"https:\/\/www.facebook.com\/Solovariz\" \/>\n<meta property=\"article:modified_time\" content=\"2022-02-01T14:40:02+00:00\" \/>\n<meta name=\"twitter:card\" content=\"summary_large_image\" \/>\n<meta name=\"twitter:site\" content=\"@solovariz\" \/>\n<meta name=\"twitter:label1\" content=\"Est. reading time\" \/>\n\t<meta name=\"twitter:data1\" content=\"2 minutes\" \/>\n<script type=\"application\/ld+json\" class=\"yoast-schema-graph\">{\"@context\":\"https:\\\/\\\/schema.org\",\"@graph\":[{\"@type\":\"WebPage\",\"@id\":\"https:\\\/\\\/solovariz.es\\\/metodo-3\\\/\",\"url\":\"https:\\\/\\\/solovariz.es\\\/metodo-3\\\/\",\"name\":\"M\u00e9todo Five | Solovariz - Cl\u00ednicas especializadas en eliminar todo tipo de varices\",\"isPartOf\":{\"@id\":\"https:\\\/\\\/solovariz.es\\\/es\\\/#website\"},\"datePublished\":\"2018-03-16T09:07:24+00:00\",\"dateModified\":\"2022-02-01T14:40:02+00:00\",\"breadcrumb\":{\"@id\":\"https:\\\/\\\/solovariz.es\\\/metodo-3\\\/#breadcrumb\"},\"inLanguage\":\"en-US\",\"potentialAction\":[{\"@type\":\"ReadAction\",\"target\":[\"https:\\\/\\\/solovariz.es\\\/metodo-3\\\/\"]}]},{\"@type\":\"BreadcrumbList\",\"@id\":\"https:\\\/\\\/solovariz.es\\\/metodo-3\\\/#breadcrumb\",\"itemListElement\":[{\"@type\":\"ListItem\",\"position\":1,\"name\":\"Portada\",\"item\":\"https:\\\/\\\/solovariz.es\\\/\"},{\"@type\":\"ListItem\",\"position\":2,\"name\":\"M\u00e9todo Five\"}]},{\"@type\":\"WebSite\",\"@id\":\"https:\\\/\\\/solovariz.es\\\/es\\\/#website\",\"url\":\"https:\\\/\\\/solovariz.es\\\/es\\\/\",\"name\":\"Solovariz - Cl\u00ednicas especializadas en eliminar todo tipo de varices\",\"description\":\"M\u00c9DICOS COMPROMETIDOS CON SUS VARICES\",\"publisher\":{\"@id\":\"https:\\\/\\\/solovariz.es\\\/es\\\/#organization\"},\"potentialAction\":[{\"@type\":\"SearchAction\",\"target\":{\"@type\":\"EntryPoint\",\"urlTemplate\":\"https:\\\/\\\/solovariz.es\\\/es\\\/?s={search_term_string}\"},\"query-input\":{\"@type\":\"PropertyValueSpecification\",\"valueRequired\":true,\"valueName\":\"search_term_string\"}}],\"inLanguage\":\"en-US\"},{\"@type\":\"Organization\",\"@id\":\"https:\\\/\\\/solovariz.es\\\/es\\\/#organization\",\"name\":\"Solovariz\",\"url\":\"https:\\\/\\\/solovariz.es\\\/es\\\/\",\"logo\":{\"@type\":\"ImageObject\",\"inLanguage\":\"en-US\",\"@id\":\"https:\\\/\\\/solovariz.es\\\/es\\\/#\\\/schema\\\/logo\\\/image\\\/\",\"url\":\"https:\\\/\\\/solovariz.es\\\/wp-content\\\/uploads\\\/2018\\\/02\\\/logotipo_1.png\",\"contentUrl\":\"https:\\\/\\\/solovariz.es\\\/wp-content\\\/uploads\\\/2018\\\/02\\\/logotipo_1.png\",\"width\":260,\"height\":354,\"caption\":\"Solovariz\"},\"image\":{\"@id\":\"https:\\\/\\\/solovariz.es\\\/es\\\/#\\\/schema\\\/logo\\\/image\\\/\"},\"sameAs\":[\"https:\\\/\\\/www.facebook.com\\\/Solovariz\",\"https:\\\/\\\/x.com\\\/solovariz\",\"https:\\\/\\\/www.youtube.com\\\/channel\\\/UCgGfDCyXBZr6Ln8Tv4mFxbA\"]}]}<\/script>\n<!-- \/ Yoast SEO plugin. -->","yoast_head_json":{"title":"M\u00e9todo Five | Solovariz - Cl\u00ednicas especializadas en eliminar todo tipo de varices","robots":{"index":"index","follow":"follow","max-snippet":"max-snippet:-1","max-image-preview":"max-image-preview:large","max-video-preview":"max-video-preview:-1"},"canonical":"https:\/\/solovariz.es\/en\/metodo-3\/","og_locale":"en_US","og_type":"article","og_title":"M\u00e9todo Five | Solovariz - Cl\u00ednicas especializadas en eliminar todo tipo de varices","og_description":"\u00a0 M\u00e9todo FIVE Un tratamiento c\u00f3modo, efectivo, seguro y econ\u00f3mico para eliminar definitivamente las varices. M\u00e9todo FIVE, tratamiento con microespuma fibrosante para eliminaci\u00f3n de varices. SOLOVARIZ lleva realizando tratamientos de eliminaci\u00f3n de varices en las piernas desde hace m\u00e1s de 20 a\u00f1os, lo que nos otorga una gran experiencia y un alto grado de perfeccionamiento, [&hellip;]","og_url":"https:\/\/solovariz.es\/en\/metodo-3\/","og_site_name":"Solovariz - Cl\u00ednicas especializadas en eliminar todo tipo de varices","article_publisher":"https:\/\/www.facebook.com\/Solovariz","article_modified_time":"2022-02-01T14:40:02+00:00","twitter_card":"summary_large_image","twitter_site":"@solovariz","twitter_misc":{"Est. reading time":"2 minutes"},"schema":{"@context":"https:\/\/schema.org","@graph":[{"@type":"WebPage","@id":"https:\/\/solovariz.es\/metodo-3\/","url":"https:\/\/solovariz.es\/metodo-3\/","name":"M\u00e9todo Five | Solovariz - Cl\u00ednicas especializadas en eliminar todo tipo de varices","isPartOf":{"@id":"https:\/\/solovariz.es\/es\/#website"},"datePublished":"2018-03-16T09:07:24+00:00","dateModified":"2022-02-01T14:40:02+00:00","breadcrumb":{"@id":"https:\/\/solovariz.es\/metodo-3\/#breadcrumb"},"inLanguage":"en-US","potentialAction":[{"@type":"ReadAction","target":["https:\/\/solovariz.es\/metodo-3\/"]}]},{"@type":"BreadcrumbList","@id":"https:\/\/solovariz.es\/metodo-3\/#breadcrumb","itemListElement":[{"@type":"ListItem","position":1,"name":"Portada","item":"https:\/\/solovariz.es\/"},{"@type":"ListItem","position":2,"name":"M\u00e9todo Five"}]},{"@type":"WebSite","@id":"https:\/\/solovariz.es\/es\/#website","url":"https:\/\/solovariz.es\/es\/","name":"Solovariz - Cl\u00ednicas especializadas en eliminar todo tipo de varices","description":"M\u00c9DICOS COMPROMETIDOS CON SUS VARICES","publisher":{"@id":"https:\/\/solovariz.es\/es\/#organization"},"potentialAction":[{"@type":"SearchAction","target":{"@type":"EntryPoint","urlTemplate":"https:\/\/solovariz.es\/es\/?s={search_term_string}"},"query-input":{"@type":"PropertyValueSpecification","valueRequired":true,"valueName":"search_term_string"}}],"inLanguage":"en-US"},{"@type":"Organization","@id":"https:\/\/solovariz.es\/es\/#organization","name":"Solovariz","url":"https:\/\/solovariz.es\/es\/","logo":{"@type":"ImageObject","inLanguage":"en-US","@id":"https:\/\/solovariz.es\/es\/#\/schema\/logo\/image\/","url":"https:\/\/solovariz.es\/wp-content\/uploads\/2018\/02\/logotipo_1.png","contentUrl":"https:\/\/solovariz.es\/wp-content\/uploads\/2018\/02\/logotipo_1.png","width":260,"height":354,"caption":"Solovariz"},"image":{"@id":"https:\/\/solovariz.es\/es\/#\/schema\/logo\/image\/"},"sameAs":["https:\/\/www.facebook.com\/Solovariz","https:\/\/x.com\/solovariz","https:\/\/www.youtube.com\/channel\/UCgGfDCyXBZr6Ln8Tv4mFxbA"]}]}},"_links":{"self":[{"href":"https:\/\/solovariz.es\/en\/wp-json\/wp\/v2\/pages\/543","targetHints":{"allow":["GET"]}}],"collection":[{"href":"https:\/\/solovariz.es\/en\/wp-json\/wp\/v2\/pages"}],"about":[{"href":"https:\/\/solovariz.es\/en\/wp-json\/wp\/v2\/types\/page"}],"author":[{"embeddable":true,"href":"https:\/\/solovariz.es\/en\/wp-json\/wp\/v2\/users\/1"}],"replies":[{"embeddable":true,"href":"https:\/\/solovariz.es\/en\/wp-json\/wp\/v2\/comments?post=543"}],"version-history":[{"count":13,"href":"https:\/\/solovariz.es\/en\/wp-json\/wp\/v2\/pages\/543\/revisions"}],"predecessor-version":[{"id":2244,"href":"https:\/\/solovariz.es\/en\/wp-json\/wp\/v2\/pages\/543\/revisions\/2244"}],"wp:attachment":[{"href":"https:\/\/solovariz.es\/en\/wp-json\/wp\/v2\/media?parent=543"}],"curies":[{"name":"wp","href":"https:\/\/api.w.org\/{rel}","templated":true}]}}